{"id":10777,"date":"2024-12-26T08:14:45","date_gmt":"2024-12-26T08:14:45","guid":{"rendered":"https:\/\/www.parkmed.com.tr\/yeni\/?post_type=product&#038;p=10777"},"modified":"2024-12-27T13:03:59","modified_gmt":"2024-12-27T13:03:59","slug":"omron-tansiyon-aleti-m2-basic","status":"publish","type":"product","link":"http:\/\/www.parkmed.com.tr\/yeni\/urun\/omron-tansiyon-aleti-m2-basic\/","title":{"rendered":"Omron Tansiyon Aleti \u2013 M2 Basic"},"content":{"rendered":"<p>Tek tu\u015f a\u00e7ma kapama.<br \/>\nIntellisense teknolojisi &#8211; kan bas\u0131nc\u0131n\u0131za g\u00f6re ayarlanan h\u0131zl\u0131 konforlu \u015fi\u015firme.<br \/>\nD\u00fczensiz nab\u0131z at\u0131\u015f\u0131 yakalama \u00f6zelli\u011fi.<br \/>\nB\u00fcy\u00fck ve kolay okunabilen LCD ekran.<br \/>\nKolay sar\u0131labilen man\u015fet- 22-32 cm.<br \/>\nYumu\u015fak ta\u015f\u0131ma \u00e7antas\u0131 ve piller.<br \/>\nMan\u015fet \u00d6l\u00e7\u00fcleri 22-32 cm.<br \/>\nOMRON M2 Basic ile tansiyonunuzu kolayca, h\u0131zl\u0131 ve do\u011fru bir \u015fekilde \u00f6l\u00e7ebilirsiniz. Ayrica, kaf\u0131n \u015fi\u015firilmesi esnas\u0131nda daha az rahats\u0131zl\u0131k veren \u2018\u2019intellisense\u2019&#8217; teknolojisine ve yine tansiyon \u00f6l\u00e7\u00fcm\u00fc s\u0131ras\u0131nda d\u00fczensiz kalp at\u0131\u015flar\u0131n\u0131 da tespit edebilme \u00f6zelligine sahiptir.<\/p>\n","protected":false},"excerpt":{"rendered":"<p>Tek tu\u015f a\u00e7ma kapama. Intellisense teknolojisi &#8211; kan bas\u0131nc\u0131n\u0131za g\u00f6re ayarlanan h\u0131zl\u0131 konforlu \u015fi\u015firme. D\u00fczensiz nab\u0131z at\u0131\u015f\u0131 yakalama \u00f6zelli\u011fi. B\u00fcy\u00fck<\/p>\n","protected":false},"featured_media":10889,"comment_status":"open","ping_status":"closed","template":"","meta":{"_joinchat":[]},"product_brand":[],"product_cat":[123,124,125],"product_tag":[],"class_list":{"0":"post-10777","1":"product","2":"type-product","3":"status-publish","4":"has-post-thumbnail","6":"product_cat-medikal-cihazlar","7":"product_cat-omron-grubu-medikal-cihazlar","8":"product_cat-tansiyon-aletleri","10":"first","11":"instock","12":"shipping-taxable","13":"product-type-simple"},"jetpack_sharing_enabled":true,"_links":{"self":[{"href":"http:\/\/www.parkmed.com.tr\/yeni\/wp-json\/wp\/v2\/product\/10777","targetHints":{"allow":["GET"]}}],"collection":[{"href":"http:\/\/www.parkmed.com.tr\/yeni\/wp-json\/wp\/v2\/product"}],"about":[{"href":"http:\/\/www.parkmed.com.tr\/yeni\/wp-json\/wp\/v2\/types\/product"}],"replies":[{"embeddable":true,"href":"http:\/\/www.parkmed.com.tr\/yeni\/wp-json\/wp\/v2\/comments?post=10777"}],"version-history":[{"count":1,"href":"http:\/\/www.parkmed.com.tr\/yeni\/wp-json\/wp\/v2\/product\/10777\/revisions"}],"predecessor-version":[{"id":10779,"href":"http:\/\/www.parkmed.com.tr\/yeni\/wp-json\/wp\/v2\/product\/10777\/revisions\/10779"}],"wp:featuredmedia":[{"embeddable":true,"href":"http:\/\/www.parkmed.com.tr\/yeni\/wp-json\/wp\/v2\/media\/10889"}],"wp:attachment":[{"href":"http:\/\/www.parkmed.com.tr\/yeni\/wp-json\/wp\/v2\/media?parent=10777"}],"wp:term":[{"taxonomy":"product_brand","embeddable":true,"href":"http:\/\/www.parkmed.com.tr\/yeni\/wp-json\/wp\/v2\/product_brand?post=10777"},{"taxonomy":"product_cat","embeddable":true,"href":"http:\/\/www.parkmed.com.tr\/yeni\/wp-json\/wp\/v2\/product_cat?post=10777"},{"taxonomy":"product_tag","embeddable":true,"href":"http:\/\/www.parkmed.com.tr\/yeni\/wp-json\/wp\/v2\/product_tag?post=10777"}],"curies":[{"name":"wp","href":"https:\/\/api.w.org\/{rel}","templated":true}]}}