{"id":10807,"date":"2024-12-26T08:46:31","date_gmt":"2024-12-26T08:46:31","guid":{"rendered":"https:\/\/www.parkmed.com.tr\/yeni\/?post_type=product&#038;p=10807"},"modified":"2024-12-26T12:03:33","modified_gmt":"2024-12-26T12:03:33","slug":"omron-tansiyon-aleti-m7-intelli-it","status":"publish","type":"product","link":"http:\/\/www.parkmed.com.tr\/yeni\/urun\/omron-tansiyon-aleti-m7-intelli-it\/","title":{"rendered":"Omron Tansiyon Aleti &#8211; M7 Intelli IT"},"content":{"rendered":"<p>3 Y\u0131l Garanti En geli\u015fmi\u015f cihaz\u0131m\u0131z olan OMRON M7 Intelli IT, do\u011fruluk bak\u0131m\u0131ndan en son yenili\u011fimiz olarak Intelli Wrap Kollu\u011fu piyasaya sunarken, ilk OMRON ak\u0131ll\u0131 telefon uygulamam\u0131z olarak &#8220;OMRON connect&#8221;i de i\u00e7ine yerle\u015ftiriyor<\/p>\n<p><strong>G\u00fcvenilir sonu\u00e7lar<\/strong><\/p>\n<p>OMRON Intelli Wrap Kolluk, herhangi bir pozisyonda \u00fcst kol b\u00f6lgenizden do\u011fru \u00f6l\u00e7\u00fcm yapar.<\/p>\n","protected":false},"excerpt":{"rendered":"<p>3 Y\u0131l Garanti En geli\u015fmi\u015f cihaz\u0131m\u0131z olan OMRON M7 Intelli IT, do\u011fruluk bak\u0131m\u0131ndan en son yenili\u011fimiz olarak Intelli Wrap Kollu\u011fu<\/p>\n","protected":false},"featured_media":10808,"comment_status":"open","ping_status":"closed","template":"","meta":{"_joinchat":[]},"product_brand":[],"product_cat":[123,124,53,125],"product_tag":[],"class_list":{"0":"post-10807","1":"product","2":"type-product","3":"status-publish","4":"has-post-thumbnail","6":"product_cat-medikal-cihazlar","7":"product_cat-omron-grubu-medikal-cihazlar","8":"product_cat-omron-grubu","9":"product_cat-tansiyon-aletleri","11":"first","12":"instock","13":"shipping-taxable","14":"product-type-simple"},"jetpack_sharing_enabled":true,"_links":{"self":[{"href":"http:\/\/www.parkmed.com.tr\/yeni\/wp-json\/wp\/v2\/product\/10807","targetHints":{"allow":["GET"]}}],"collection":[{"href":"http:\/\/www.parkmed.com.tr\/yeni\/wp-json\/wp\/v2\/product"}],"about":[{"href":"http:\/\/www.parkmed.com.tr\/yeni\/wp-json\/wp\/v2\/types\/product"}],"replies":[{"embeddable":true,"href":"http:\/\/www.parkmed.com.tr\/yeni\/wp-json\/wp\/v2\/comments?post=10807"}],"version-history":[{"count":1,"href":"http:\/\/www.parkmed.com.tr\/yeni\/wp-json\/wp\/v2\/product\/10807\/revisions"}],"predecessor-version":[{"id":10811,"href":"http:\/\/www.parkmed.com.tr\/yeni\/wp-json\/wp\/v2\/product\/10807\/revisions\/10811"}],"wp:featuredmedia":[{"embeddable":true,"href":"http:\/\/www.parkmed.com.tr\/yeni\/wp-json\/wp\/v2\/media\/10808"}],"wp:attachment":[{"href":"http:\/\/www.parkmed.com.tr\/yeni\/wp-json\/wp\/v2\/media?parent=10807"}],"wp:term":[{"taxonomy":"product_brand","embeddable":true,"href":"http:\/\/www.parkmed.com.tr\/yeni\/wp-json\/wp\/v2\/product_brand?post=10807"},{"taxonomy":"product_cat","embeddable":true,"href":"http:\/\/www.parkmed.com.tr\/yeni\/wp-json\/wp\/v2\/product_cat?post=10807"},{"taxonomy":"product_tag","embeddable":true,"href":"http:\/\/www.parkmed.com.tr\/yeni\/wp-json\/wp\/v2\/product_tag?post=10807"}],"curies":[{"name":"wp","href":"https:\/\/api.w.org\/{rel}","templated":true}]}}