{"id":10820,"date":"2024-12-26T08:53:44","date_gmt":"2024-12-26T08:53:44","guid":{"rendered":"https:\/\/www.parkmed.com.tr\/yeni\/?post_type=product&#038;p=10820"},"modified":"2024-12-26T08:54:36","modified_gmt":"2024-12-26T08:54:36","slug":"omron-ates-olcer-gentletemp-520","status":"publish","type":"product","link":"http:\/\/www.parkmed.com.tr\/yeni\/urun\/omron-ates-olcer-gentletemp-520\/","title":{"rendered":"Omron Ate\u015f \u00d6l\u00e7er &#8211; GentleTemp 520"},"content":{"rendered":"<p>3 Y\u0131l Garanti Gentle Temp 520 kulak termometresi, \u00fcst d\u00fczeyde do\u011fruluk sa\u011flayan Gentle Temp 521 teknolojisinin ayn\u0131s\u0131n\u0131 kullanmakta olup, bir saniyelik \u00f6l\u00e7\u00fcm ve belirli bir zaman diliminde s\u0131cakl\u0131k de\u011fi\u015fimlerini takip etmeye ve e\u011filimleri izlemeye yarayan en \u00e7ok dokuz okuma haf\u0131zas\u0131 da dahil olmak \u00fczere geli\u015fmi\u015f \u00f6zelliklerinden baz\u0131lar\u0131n\u0131 i\u00e7erir. Ayr\u0131ca, 21 prob kapa\u011f\u0131yla birlikte elinize ula\u015f\u0131r. S\u0131cakl\u0131klar b\u00fcy\u00fck LCD&#8217;de ekranda gerek Santigrat derece gerekse Fahrenhayt derece olarak g\u00f6r\u00fcnt\u00fclenebilir.<\/p>\n<p><strong>Teknik \u00f6zellikler<\/strong><\/p>\n<p>\u00d6l\u00e7\u00fcm Tipi Kulak<\/p>\n<p>1 Saniyelik H\u0131zl\u0131 \u00d6l\u00e7\u00fcm Evet<\/p>\n<p>\u00b0C \/ \u00b0F Se\u00e7imi Evet Prob Kapaklar\u0131 Dahil Evet<\/p>\n<p>Bipleyici Evet B\u00fcy\u00fck 3 Haneli Ekran Evet<\/p>\n<p>De\u011fi\u015ftirilebilir Pil Evet Otomatik Kapatma Evet<\/p>\n<p>Uzunluk (cm) 11,60<\/p>\n<p>Y\u00fckseklik (cm) 6,00<\/p>\n<p>Derinlik (cm) 20,50<\/p>\n<p>Sat\u0131\u015f Ambalaj\u0131 A\u011f\u0131rl\u0131\u011f\u0131 (g) 343,00<\/p>\n","protected":false},"excerpt":{"rendered":"<p>3 Y\u0131l Garanti Gentle Temp 520 kulak termometresi, \u00fcst d\u00fczeyde do\u011fruluk sa\u011flayan Gentle Temp 521 teknolojisinin ayn\u0131s\u0131n\u0131 kullanmakta olup, bir<\/p>\n","protected":false},"featured_media":10821,"comment_status":"open","ping_status":"closed","template":"","meta":{"_joinchat":[]},"product_brand":[],"product_cat":[123],"product_tag":[],"class_list":{"0":"post-10820","1":"product","2":"type-product","3":"status-publish","4":"has-post-thumbnail","6":"product_cat-medikal-cihazlar","8":"first","9":"instock","10":"shipping-taxable","11":"product-type-simple"},"jetpack_sharing_enabled":true,"_links":{"self":[{"href":"http:\/\/www.parkmed.com.tr\/yeni\/wp-json\/wp\/v2\/product\/10820","targetHints":{"allow":["GET"]}}],"collection":[{"href":"http:\/\/www.parkmed.com.tr\/yeni\/wp-json\/wp\/v2\/product"}],"about":[{"href":"http:\/\/www.parkmed.com.tr\/yeni\/wp-json\/wp\/v2\/types\/product"}],"replies":[{"embeddable":true,"href":"http:\/\/www.parkmed.com.tr\/yeni\/wp-json\/wp\/v2\/comments?post=10820"}],"version-history":[{"count":1,"href":"http:\/\/www.parkmed.com.tr\/yeni\/wp-json\/wp\/v2\/product\/10820\/revisions"}],"predecessor-version":[{"id":10822,"href":"http:\/\/www.parkmed.com.tr\/yeni\/wp-json\/wp\/v2\/product\/10820\/revisions\/10822"}],"wp:featuredmedia":[{"embeddable":true,"href":"http:\/\/www.parkmed.com.tr\/yeni\/wp-json\/wp\/v2\/media\/10821"}],"wp:attachment":[{"href":"http:\/\/www.parkmed.com.tr\/yeni\/wp-json\/wp\/v2\/media?parent=10820"}],"wp:term":[{"taxonomy":"product_brand","embeddable":true,"href":"http:\/\/www.parkmed.com.tr\/yeni\/wp-json\/wp\/v2\/product_brand?post=10820"},{"taxonomy":"product_cat","embeddable":true,"href":"http:\/\/www.parkmed.com.tr\/yeni\/wp-json\/wp\/v2\/product_cat?post=10820"},{"taxonomy":"product_tag","embeddable":true,"href":"http:\/\/www.parkmed.com.tr\/yeni\/wp-json\/wp\/v2\/product_tag?post=10820"}],"curies":[{"name":"wp","href":"https:\/\/api.w.org\/{rel}","templated":true}]}}