{"id":10826,"date":"2024-12-26T08:59:47","date_gmt":"2024-12-26T08:59:47","guid":{"rendered":"https:\/\/www.parkmed.com.tr\/yeni\/?post_type=product&#038;p=10826"},"modified":"2024-12-26T09:00:02","modified_gmt":"2024-12-26T09:00:02","slug":"omron-nebulizator-c28p","status":"publish","type":"product","link":"http:\/\/www.parkmed.com.tr\/yeni\/urun\/omron-nebulizator-c28p\/","title":{"rendered":"Omron Neb\u00fclizat\u00f6r &#8211; C28P"},"content":{"rendered":"<p>3 Y\u0131l Garanti OMRON CompAIR C28P yo\u011fun kullan\u0131m i\u00e7in sa\u011flam bir tasar\u0131ma sahip olup ast\u0131m, KOAH, kistik fibroz veya amfizem gibi alt solunum yollar\u0131 hastal\u0131klar\u0131n\u0131n tedavisi i\u00e7in uygundur. G\u00fc\u00e7l\u00fc kompres\u00f6r\u00fc ve Sanal Valf Teknolojisi (V.V.T.) sayesinde, k\u0131sa soluma s\u00fcresi ile etkin ila\u00e7 da\u011f\u0131t\u0131m\u0131n\u0131 bir araya getiren son derece verimli bir nebulizat\u00f6rd\u00fcr. V.V.T.&#8217;nin sa\u011flad\u0131\u011f\u0131 y\u00fcksek verim nefes al\u0131p veri\u015finize g\u00f6re uyarlanarak solunum \u015feklinize uyum sa\u011flar. Bu teknoloji, nefes verme s\u0131ras\u0131nda ila\u00e7 israf\u0131n\u0131 azalt\u0131r ve nefes al\u0131rken ila\u00e7 yararlan\u0131m\u0131n\u0131 en \u00fcst d\u00fczeye \u00e7\u0131kar\u0131r. Bu nebulizat\u00f6r kiti ayr\u0131ca, geleneksel nebulizat\u00f6rlerde yayg\u0131n olarak kullan\u0131lan silikon valfler kullan\u0131lmaks\u0131z\u0131n, temizlenmesi kolay polipropilenden yap\u0131l\u0131r. Sanal Valf Teknolojisi ile y\u00fcksek verimlilik Y\u00fcksek etkinlik i\u00e7in g\u00fc\u00e7l\u00fc kompres\u00f6r Daha k\u0131sa soluma s\u00fcresi S\u0131k kullan\u0131m i\u00e7in sa\u011flam tasar\u0131m Geni\u015f bir ila\u00e7 yelpazesiyle uyumlu Tek d\u00fc\u011fmeli basit i\u015fleyi\u015fi sayesinde \u00e7ocuklarda kullan\u0131ma uygun<\/p>\n<p><strong>Nebulizasyon tedavisi<\/strong><\/p>\n","protected":false},"excerpt":{"rendered":"<p>3 Y\u0131l Garanti OMRON CompAIR C28P yo\u011fun kullan\u0131m i\u00e7in sa\u011flam bir tasar\u0131ma sahip olup ast\u0131m, KOAH, kistik fibroz veya amfizem<\/p>\n","protected":false},"featured_media":10827,"comment_status":"open","ping_status":"closed","template":"","meta":{"_joinchat":[]},"product_brand":[],"product_cat":[123],"product_tag":[],"class_list":{"0":"post-10826","1":"product","2":"type-product","3":"status-publish","4":"has-post-thumbnail","6":"product_cat-medikal-cihazlar","8":"first","9":"instock","10":"shipping-taxable","11":"product-type-simple"},"jetpack_sharing_enabled":true,"_links":{"self":[{"href":"http:\/\/www.parkmed.com.tr\/yeni\/wp-json\/wp\/v2\/product\/10826","targetHints":{"allow":["GET"]}}],"collection":[{"href":"http:\/\/www.parkmed.com.tr\/yeni\/wp-json\/wp\/v2\/product"}],"about":[{"href":"http:\/\/www.parkmed.com.tr\/yeni\/wp-json\/wp\/v2\/types\/product"}],"replies":[{"embeddable":true,"href":"http:\/\/www.parkmed.com.tr\/yeni\/wp-json\/wp\/v2\/comments?post=10826"}],"version-history":[{"count":1,"href":"http:\/\/www.parkmed.com.tr\/yeni\/wp-json\/wp\/v2\/product\/10826\/revisions"}],"predecessor-version":[{"id":10828,"href":"http:\/\/www.parkmed.com.tr\/yeni\/wp-json\/wp\/v2\/product\/10826\/revisions\/10828"}],"wp:featuredmedia":[{"embeddable":true,"href":"http:\/\/www.parkmed.com.tr\/yeni\/wp-json\/wp\/v2\/media\/10827"}],"wp:attachment":[{"href":"http:\/\/www.parkmed.com.tr\/yeni\/wp-json\/wp\/v2\/media?parent=10826"}],"wp:term":[{"taxonomy":"product_brand","embeddable":true,"href":"http:\/\/www.parkmed.com.tr\/yeni\/wp-json\/wp\/v2\/product_brand?post=10826"},{"taxonomy":"product_cat","embeddable":true,"href":"http:\/\/www.parkmed.com.tr\/yeni\/wp-json\/wp\/v2\/product_cat?post=10826"},{"taxonomy":"product_tag","embeddable":true,"href":"http:\/\/www.parkmed.com.tr\/yeni\/wp-json\/wp\/v2\/product_tag?post=10826"}],"curies":[{"name":"wp","href":"https:\/\/api.w.org\/{rel}","templated":true}]}}