{"id":10829,"date":"2024-12-26T09:00:47","date_gmt":"2024-12-26T09:00:47","guid":{"rendered":"https:\/\/www.parkmed.com.tr\/yeni\/?post_type=product&#038;p=10829"},"modified":"2024-12-26T09:00:55","modified_gmt":"2024-12-26T09:00:55","slug":"omron-nebulizator-a3-complete","status":"publish","type":"product","link":"http:\/\/www.parkmed.com.tr\/yeni\/urun\/omron-nebulizator-a3-complete\/","title":{"rendered":"Omron Neb\u00fclizat\u00f6r &#8211; A3 Complete"},"content":{"rendered":"<p>3 Y\u0131l Garanti OMRON A3 Complete nebulizat\u00f6r, geni\u015f bir yelpazede solunum rahats\u0131zl\u0131klar\u0131 i\u00e7in eksiksiz nebulizasyon \u00e7\u00f6z\u00fcm\u00fcn\u00fc sa\u011flar. Tek bir cihaz, \u00fcst ve alt solunum yollar\u0131ndaki solunum enfeksiyonlar\u0131n\u0131 ve kronik rahats\u0131zl\u0131klar\u0131 tedavi etmenize yard\u0131mc\u0131 olabilir. So\u011fuk alg\u0131nl\u0131\u011f\u0131 enfeksiyonlar\u0131 veya alerjilerden ast\u0131m ve KOAH&#8217;a kadar geni\u015f bir aral\u0131\u011f\u0131 kapsar. Solunan bir ilac\u0131n en b\u00fcy\u00fck etkiyi sa\u011flamas\u0131 i\u00e7in, solunum yollar\u0131n\u0131n tedavi edilmesi gereken k\u0131sm\u0131na ula\u015fmas\u0131 gerekir. Bu da ilac\u0131n, farkl\u0131 partik\u00fcl boyutuna sahip aerosola d\u00f6n\u00fc\u015ft\u00fcr\u00fclmesiyle sa\u011flan\u0131r. Daha b\u00fcy\u00fck aerosol partik\u00fclleri esasen \u00fcst solunum yollar\u0131nda birikirken, k\u00fc\u00e7\u00fck partik\u00fcller alt solunum yollar\u0131nda birikir. \u00dcr\u00fcn \u00f6zellikleri: Benzersiz 3&#8217;\u00fc Bir Arada ayarlanabilir nebulizat\u00f6r kiti H\u0131zl\u0131 ve etkin \u00dcst, orta ve alt solunum yollar\u0131n\u0131n tam tedavisi \u00dcst solunum yollar\u0131n\u0131n h\u0131zl\u0131 bir \u015fekilde rahatlamas\u0131n\u0131 sa\u011flar K\u00fc\u00e7\u00fck aerosol partik\u00fclleri akci\u011ferin derinliklerine ula\u015f\u0131r<\/p>\n<p><strong>Teknik \u00f6zellikler<\/strong><\/p>\n<p>Nebulizat\u00f6r Tipi Kompres\u00f6rl\u00fc Nebulizat\u00f6r Hedef solunum yollar\u0131 \u00dcst Solunum Yollar\u0131 &#8211; T\u0131kal\u0131 burun &#8211; Rinit &#8211; Alerjik Rinit &#8211; Larenjit, Orta Solunum Yollar\u0131 &#8211; Trakeit &#8211; Trakeobron\u015fit, Alt Solunum Yollar\u0131 &#8211; Ast\u0131m &#8211; Bron\u015fit &#8211; Bron\u015fiyolit &#8211; KOAH Ya\u015f Aral\u0131\u011f\u0131 \u00c7ocuk, Yeti\u015fkin Nebulizasyon H\u0131z\u0131 1. Konum: 0,7 ml\/dak. 2. Konum: 0,5 ml\/dak. 3. Konum: 0,3 ml\/dak. Aerosol %&#8217;si &lt; 5 \u00b5m 1. Konum: 10 \u00b5m 2. Konum: 5 \u00b5m 3. Konum: 3 \u00b5m \u0130la\u00e7 Uygulama Miktarlar\u0131 2-12 ml \u015eebeke Elektri\u011fiyle Kullan\u0131m Evet Ses (dB) 65 dB Uzunluk (cm) 20,50 Y\u00fckseklik (cm) 24,00 Derinlik (cm) 15,00 Sat\u0131\u015f Ambalaj\u0131 A\u011f\u0131rl\u0131\u011f\u0131 (g) 1.935,00<\/p>\n","protected":false},"excerpt":{"rendered":"<p>3 Y\u0131l Garanti OMRON A3 Complete nebulizat\u00f6r, geni\u015f bir yelpazede solunum rahats\u0131zl\u0131klar\u0131 i\u00e7in eksiksiz nebulizasyon \u00e7\u00f6z\u00fcm\u00fcn\u00fc sa\u011flar. Tek bir cihaz,<\/p>\n","protected":false},"featured_media":10830,"comment_status":"open","ping_status":"closed","template":"","meta":{"_joinchat":[]},"product_brand":[],"product_cat":[123],"product_tag":[],"class_list":{"0":"post-10829","1":"product","2":"type-product","3":"status-publish","4":"has-post-thumbnail","6":"product_cat-medikal-cihazlar","8":"first","9":"instock","10":"shipping-taxable","11":"product-type-simple"},"jetpack_sharing_enabled":true,"_links":{"self":[{"href":"http:\/\/www.parkmed.com.tr\/yeni\/wp-json\/wp\/v2\/product\/10829","targetHints":{"allow":["GET"]}}],"collection":[{"href":"http:\/\/www.parkmed.com.tr\/yeni\/wp-json\/wp\/v2\/product"}],"about":[{"href":"http:\/\/www.parkmed.com.tr\/yeni\/wp-json\/wp\/v2\/types\/product"}],"replies":[{"embeddable":true,"href":"http:\/\/www.parkmed.com.tr\/yeni\/wp-json\/wp\/v2\/comments?post=10829"}],"version-history":[{"count":1,"href":"http:\/\/www.parkmed.com.tr\/yeni\/wp-json\/wp\/v2\/product\/10829\/revisions"}],"predecessor-version":[{"id":10831,"href":"http:\/\/www.parkmed.com.tr\/yeni\/wp-json\/wp\/v2\/product\/10829\/revisions\/10831"}],"wp:featuredmedia":[{"embeddable":true,"href":"http:\/\/www.parkmed.com.tr\/yeni\/wp-json\/wp\/v2\/media\/10830"}],"wp:attachment":[{"href":"http:\/\/www.parkmed.com.tr\/yeni\/wp-json\/wp\/v2\/media?parent=10829"}],"wp:term":[{"taxonomy":"product_brand","embeddable":true,"href":"http:\/\/www.parkmed.com.tr\/yeni\/wp-json\/wp\/v2\/product_brand?post=10829"},{"taxonomy":"product_cat","embeddable":true,"href":"http:\/\/www.parkmed.com.tr\/yeni\/wp-json\/wp\/v2\/product_cat?post=10829"},{"taxonomy":"product_tag","embeddable":true,"href":"http:\/\/www.parkmed.com.tr\/yeni\/wp-json\/wp\/v2\/product_tag?post=10829"}],"curies":[{"name":"wp","href":"https:\/\/api.w.org\/{rel}","templated":true}]}}