{"id":10832,"date":"2024-12-26T09:01:52","date_gmt":"2024-12-26T09:01:52","guid":{"rendered":"https:\/\/www.parkmed.com.tr\/yeni\/?post_type=product&#038;p=10832"},"modified":"2024-12-26T09:07:43","modified_gmt":"2024-12-26T09:07:43","slug":"omron-ates-olcer-gentletemp-720","status":"publish","type":"product","link":"http:\/\/www.parkmed.com.tr\/yeni\/urun\/omron-ates-olcer-gentletemp-720\/","title":{"rendered":"Omron Ate\u015f \u00d6l\u00e7er &#8211; GentleTemp 720"},"content":{"rendered":"<p>MRON&#8217;un temass\u0131z termometresi s\u00fcper h\u0131zl\u0131 ve do\u011fru sonu\u00e7 veren k\u0131z\u0131l\u00f6tesi bir termometre olup, m\u00fcmk\u00fcn oldu\u011funca gereksiz tela\u015fa kap\u0131lmadan bebe\u011finizin v\u00fccut s\u0131cakl\u0131\u011f\u0131n\u0131 s\u00fcrekli kontrol alt\u0131nda tutacak belirli \u00f6zelliklere sahiptir.<\/p>\n<ul>\n<li>Hi\u00e7 temas olmaks\u0131z\u0131n al\u0131ndan v\u00fccut s\u0131cakl\u0131\u011f\u0131n\u0131 \u00f6l\u00e7er<\/li>\n<li>\u00d6rne\u011fin, s\u00fct \u015fi\u015fesinden veya ka\u015f\u0131kl\u0131 biberondan y\u00fczey s\u0131cakl\u0131\u011f\u0131n\u0131 \u00f6l\u00e7er,<\/li>\n<li>25 okumal\u0131k haf\u0131zas\u0131yla, belirli bir zaman diliminde s\u0131cakl\u0131k de\u011fi\u015fimlerini takip etmek ve e\u011filimleri izlemek m\u00fcmk\u00fcnd\u00fcr.<\/li>\n<\/ul>\n<p>Arkadan ayd\u0131nlatmal\u0131 ekran\u0131 sayesinde gece de\u011ferlerin net bir \u015fekilde okunabilmesi, \u00f6zellik geceleri bebe\u011finizin s\u0131cakl\u0131\u011f\u0131n\u0131 \u00f6l\u00e7erken kullan\u0131\u015fl\u0131 olmas\u0131n\u0131 sa\u011flar.<\/p>\n","protected":false},"excerpt":{"rendered":"<p>MRON&#8217;un temass\u0131z termometresi s\u00fcper h\u0131zl\u0131 ve do\u011fru sonu\u00e7 veren k\u0131z\u0131l\u00f6tesi bir termometre olup, m\u00fcmk\u00fcn oldu\u011funca gereksiz tela\u015fa kap\u0131lmadan bebe\u011finizin v\u00fccut<\/p>\n","protected":false},"featured_media":10833,"comment_status":"open","ping_status":"closed","template":"","meta":{"_joinchat":[]},"product_brand":[],"product_cat":[123,124],"product_tag":[],"class_list":{"0":"post-10832","1":"product","2":"type-product","3":"status-publish","4":"has-post-thumbnail","6":"product_cat-medikal-cihazlar","7":"product_cat-omron-grubu-medikal-cihazlar","9":"first","10":"instock","11":"shipping-taxable","12":"product-type-simple"},"jetpack_sharing_enabled":true,"_links":{"self":[{"href":"http:\/\/www.parkmed.com.tr\/yeni\/wp-json\/wp\/v2\/product\/10832","targetHints":{"allow":["GET"]}}],"collection":[{"href":"http:\/\/www.parkmed.com.tr\/yeni\/wp-json\/wp\/v2\/product"}],"about":[{"href":"http:\/\/www.parkmed.com.tr\/yeni\/wp-json\/wp\/v2\/types\/product"}],"replies":[{"embeddable":true,"href":"http:\/\/www.parkmed.com.tr\/yeni\/wp-json\/wp\/v2\/comments?post=10832"}],"version-history":[{"count":1,"href":"http:\/\/www.parkmed.com.tr\/yeni\/wp-json\/wp\/v2\/product\/10832\/revisions"}],"predecessor-version":[{"id":10834,"href":"http:\/\/www.parkmed.com.tr\/yeni\/wp-json\/wp\/v2\/product\/10832\/revisions\/10834"}],"wp:featuredmedia":[{"embeddable":true,"href":"http:\/\/www.parkmed.com.tr\/yeni\/wp-json\/wp\/v2\/media\/10833"}],"wp:attachment":[{"href":"http:\/\/www.parkmed.com.tr\/yeni\/wp-json\/wp\/v2\/media?parent=10832"}],"wp:term":[{"taxonomy":"product_brand","embeddable":true,"href":"http:\/\/www.parkmed.com.tr\/yeni\/wp-json\/wp\/v2\/product_brand?post=10832"},{"taxonomy":"product_cat","embeddable":true,"href":"http:\/\/www.parkmed.com.tr\/yeni\/wp-json\/wp\/v2\/product_cat?post=10832"},{"taxonomy":"product_tag","embeddable":true,"href":"http:\/\/www.parkmed.com.tr\/yeni\/wp-json\/wp\/v2\/product_tag?post=10832"}],"curies":[{"name":"wp","href":"https:\/\/api.w.org\/{rel}","templated":true}]}}