{"id":10875,"date":"2024-12-27T12:29:49","date_gmt":"2024-12-27T12:29:49","guid":{"rendered":"https:\/\/www.parkmed.com.tr\/yeni\/?post_type=product&#038;p=10875"},"modified":"2024-12-27T12:30:59","modified_gmt":"2024-12-27T12:30:59","slug":"omron-rs1-tansiyon-aleti","status":"publish","type":"product","link":"http:\/\/www.parkmed.com.tr\/yeni\/urun\/omron-rs1-tansiyon-aleti\/","title":{"rendered":"Omron Tansiyon Aleti &#8211; RS1"},"content":{"rendered":"<dl class=\"border-b border-gray-table mb-2 flex flex-col md:flex-row\">\n<dt class=\"block pt-2 font-700 md:font-400 md:py-4 md:inline-block md:w-1\/2\"><strong>Cihaz T\u00fcr\u00fc<\/strong><br \/>\nBilekten \u00d6l\u00e7er Tansiyon Aleti<\/dt>\n<\/dl>\n<dl class=\"border-b border-gray-table mb-2 flex flex-col md:flex-row\">\n<dt class=\"block pt-2 font-700 md:font-400 md:py-4 md:inline-block md:w-1\/2\"><strong>Cihaz A\u011f\u0131rl\u0131\u011f\u0131 (kg)<\/strong><br \/>\n0.09<\/dt>\n<\/dl>\n<dl class=\"border-b border-gray-table mb-2 flex flex-col md:flex-row\">\n<dt class=\"block pt-2 font-700 md:font-400 md:py-4 md:inline-block md:w-1\/2\"><strong>Man\u015fet T\u00fcr\u00fc<\/strong><br \/>\nBileklik 13,5\u201321,5\u00a0cm<\/dt>\n<\/dl>\n<dl class=\"border-b border-gray-table mb-2 flex flex-col md:flex-row\">\n<dt class=\"block pt-2 font-700 md:font-400 md:py-4 md:inline-block md:w-1\/2\"><strong>Man\u015fet Sarma Rehberi<\/strong><br \/>\nEvet<\/dt>\n<\/dl>\n<dl class=\"border-b border-gray-table mb-2 flex flex-col md:flex-row\">\n<dt class=\"block pt-2 font-700 md:font-400 md:py-4 md:inline-block md:w-1\/2\"><strong>Bellek Y\u00f6netimi<\/strong><br \/>\nSon \u00d6l\u00e7\u00fcm<\/dt>\n<\/dl>\n<dl class=\"border-b border-gray-table mb-2 flex flex-col md:flex-row\">\n<dt class=\"block pt-2 font-700 md:font-400 md:py-4 md:inline-block md:w-1\/2\"><strong>D\u00fczensiz Kalp At\u0131\u015f\u0131 Tespiti<\/strong><br \/>\nEvet<\/dt>\n<\/dl>\n<dl class=\"border-b border-gray-table mb-2 flex flex-col md:flex-row\">\n<dt class=\"block pt-2 font-700 md:font-400 md:py-4 md:inline-block md:w-1\/2\"><strong>V\u00fccut Hareketi Tespiti<\/strong><\/dt>\n<dt class=\"block pt-2 font-700 md:font-400 md:py-4 md:inline-block md:w-1\/2\">Hay\u0131r<\/dt>\n<\/dl>\n<dl class=\"border-b border-gray-table mb-2 flex flex-col md:flex-row\">\n<dt class=\"block pt-2 font-700 md:font-400 md:py-4 md:inline-block md:w-1\/2\"><strong>Do\u011frulama<\/strong><br \/>\nKlinik Do\u011frulama<\/dt>\n<\/dl>\n<dl class=\"border-b border-gray-table mb-2 flex flex-col md:flex-row\">\n<dt class=\"block pt-2 font-700 md:font-400 md:py-4 md:inline-block md:w-1\/2\"><strong>AFib tespiti<\/strong><br \/>\nHay\u0131r<\/dt>\n<\/dl>\n<dl class=\"border-b border-gray-table mb-2 flex flex-col md:flex-row\">\n<dt class=\"block pt-2 font-700 md:font-400 md:py-4 md:inline-block md:w-1\/2\"><strong>Kolay Y\u00fcksek Tansiyon G\u00f6stergesi<\/strong><br \/>\nHay\u0131r<\/dt>\n<\/dl>\n<dl class=\"border-b border-gray-table mb-2 flex flex-col md:flex-row\">\n<dt class=\"block pt-2 font-700 md:font-400 md:py-4 md:inline-block md:w-1\/2\"><strong>Geli\u015fmi\u015f Konumland\u0131rma Sens\u00f6r\u00fc<\/strong><br \/>\nHay\u0131r<\/dt>\n<\/dl>\n<dl class=\"border-b border-gray-table mb-2 flex flex-col md:flex-row\">\n<dt class=\"block pt-2 font-700 md:font-400 md:py-4 md:inline-block md:w-1\/2\"><strong>Intellisense<\/strong><br \/>\nEvet<\/dt>\n<\/dl>\n<dl class=\"border-b border-gray-table mb-2 flex flex-col md:flex-row\">\n<dt class=\"block pt-2 font-700 md:font-400 md:py-4 md:inline-block md:w-1\/2\"><strong>Saklama \u00c7antas\u0131 Dahil<\/strong><br \/>\nHay\u0131r<\/dt>\n<\/dl>\n<dl class=\"border-b border-gray-table mb-2 flex flex-col md:flex-row\">\n<dt class=\"block pt-2 font-700 md:font-400 md:py-4 md:inline-block md:w-1\/2\"><strong>Ortalama Alma Fonksiyonu<\/strong><br \/>\nHay\u0131r<\/dt>\n<\/dl>\n<dl class=\"border-b border-gray-table mb-2 flex flex-col md:flex-row\">\n<dt class=\"block pt-2 font-700 md:font-400 md:py-4 md:inline-block md:w-1\/2\"><strong>Ba\u011flant\u0131l\u0131<\/strong><br \/>\nHay\u0131r<\/dt>\n<\/dl>\n<dl class=\"border-b border-gray-table mb-2 flex flex-col md:flex-row\">\n<dt class=\"block pt-2 font-700 md:font-400 md:py-4 md:inline-block md:w-1\/2\"><strong>\u00dcr\u00fcn Boyutlar\u0131 (mm)<\/strong><\/dt>\n<dt class=\"block pt-2 font-700 md:font-400 md:py-4 md:inline-block md:w-1\/2\">84 x 21 x 62<\/dt>\n<\/dl>\n","protected":false},"excerpt":{"rendered":"<p>Cihaz T\u00fcr\u00fc Bilekten \u00d6l\u00e7er Tansiyon Aleti Cihaz A\u011f\u0131rl\u0131\u011f\u0131 (kg) 0.09 Man\u015fet T\u00fcr\u00fc Bileklik 13,5\u201321,5\u00a0cm Man\u015fet Sarma Rehberi Evet Bellek Y\u00f6netimi<\/p>\n","protected":false},"featured_media":10877,"comment_status":"open","ping_status":"closed","template":"","meta":{"_joinchat":[]},"product_brand":[],"product_cat":[123,53,124,125],"product_tag":[],"class_list":{"0":"post-10875","1":"product","2":"type-product","3":"status-publish","4":"has-post-thumbnail","6":"product_cat-medikal-cihazlar","7":"product_cat-omron-grubu","8":"product_cat-omron-grubu-medikal-cihazlar","9":"product_cat-tansiyon-aletleri","11":"first","12":"instock","13":"shipping-taxable","14":"product-type-simple"},"jetpack_sharing_enabled":true,"_links":{"self":[{"href":"http:\/\/www.parkmed.com.tr\/yeni\/wp-json\/wp\/v2\/product\/10875","targetHints":{"allow":["GET"]}}],"collection":[{"href":"http:\/\/www.parkmed.com.tr\/yeni\/wp-json\/wp\/v2\/product"}],"about":[{"href":"http:\/\/www.parkmed.com.tr\/yeni\/wp-json\/wp\/v2\/types\/product"}],"replies":[{"embeddable":true,"href":"http:\/\/www.parkmed.com.tr\/yeni\/wp-json\/wp\/v2\/comments?post=10875"}],"version-history":[{"count":2,"href":"http:\/\/www.parkmed.com.tr\/yeni\/wp-json\/wp\/v2\/product\/10875\/revisions"}],"predecessor-version":[{"id":10878,"href":"http:\/\/www.parkmed.com.tr\/yeni\/wp-json\/wp\/v2\/product\/10875\/revisions\/10878"}],"wp:featuredmedia":[{"embeddable":true,"href":"http:\/\/www.parkmed.com.tr\/yeni\/wp-json\/wp\/v2\/media\/10877"}],"wp:attachment":[{"href":"http:\/\/www.parkmed.com.tr\/yeni\/wp-json\/wp\/v2\/media?parent=10875"}],"wp:term":[{"taxonomy":"product_brand","embeddable":true,"href":"http:\/\/www.parkmed.com.tr\/yeni\/wp-json\/wp\/v2\/product_brand?post=10875"},{"taxonomy":"product_cat","embeddable":true,"href":"http:\/\/www.parkmed.com.tr\/yeni\/wp-json\/wp\/v2\/product_cat?post=10875"},{"taxonomy":"product_tag","embeddable":true,"href":"http:\/\/www.parkmed.com.tr\/yeni\/wp-json\/wp\/v2\/product_tag?post=10875"}],"curies":[{"name":"wp","href":"https:\/\/api.w.org\/{rel}","templated":true}]}}