{"id":11116,"date":"2025-07-11T08:20:31","date_gmt":"2025-07-11T08:20:31","guid":{"rendered":"https:\/\/www.parkmed.com.tr\/?post_type=product&#038;p=11116"},"modified":"2025-07-11T08:20:58","modified_gmt":"2025-07-11T08:20:58","slug":"airsep-freestyle-tasinabilir-oksijen-konsantratoru","status":"publish","type":"product","link":"http:\/\/www.parkmed.com.tr\/yeni\/urun\/airsep-freestyle-tasinabilir-oksijen-konsantratoru\/","title":{"rendered":"AirSep FreeStyle Ta\u015f\u0131nabilir Oksijen Konsantrat\u00f6r\u00fc"},"content":{"rendered":"<p>2 kilogram a\u011f\u0131rl\u0131\u011f\u0131 ile AirSep FreeStyle ger\u00e7ek ta\u015f\u0131nabilir bir konsantrat\u00f6rd\u00fcr. Bu cihaz AirSep taraf\u0131ndan s\u0131n\u0131r tan\u0131mayan ki\u015filer i\u00e7in terzi hassasl\u0131\u011f\u0131nda \u00fcretilmi\u015ftir. FreeStyle ta\u015f\u0131nabilir oksijen konsantrat\u00f6r\u00fc iyi bir ya\u015fam\u0131n limitler olmadan ya\u015fanmas\u0131n\u0131 sa\u011flar. En hafif ve en sessiz olma \u00f6zelliklerini 3 farkl\u0131 kullan\u0131m ayar\u0131 ile sunan FreeStyle, limitsiz oksijen \u00fcretimi ile seyahat \u00f6zg\u00fcrl\u00fc\u011f\u00fc sunmaktad\u0131r. \u0130\u015fte bu oksijen \u00f6zg\u00fcrl\u00fc\u011f\u00fcd\u00fcr.<\/p>\n<p>Sadece AirSep FreeStyle ta\u015f\u0131nabilir oksijen konsant\u00f6r\u00fcnde bulunan patentli teknoloji UltraSense sayesinde cihaz ki\u015finin nefes al\u0131\u015flar\u0131n\u0131 daha hassas alg\u0131lamakta ve oksijen dozlar\u0131n\u0131 ki\u015finin en fazla oksijene ihtiya\u00e7 duydu\u011fu nefes alma an\u0131nda, yani tam zaman\u0131nda iletmektedir. Bu \u00f6zellik ki\u015finin cihaza adaptasyonunu kolayla\u015ft\u0131rmaktad\u0131r. FreeStyle g\u00fc\u00e7l\u00fc yap\u0131s\u0131 ile pulse dose sistemi sayesinde oksijeni 7,62 m. kan\u00fclle bile hastaya ula\u015ft\u0131rabilmektedir.<\/p>\n","protected":false},"excerpt":{"rendered":"<p>2 kilogram a\u011f\u0131rl\u0131\u011f\u0131 ile AirSep FreeStyle ger\u00e7ek ta\u015f\u0131nabilir bir konsantrat\u00f6rd\u00fcr. Bu cihaz AirSep taraf\u0131ndan s\u0131n\u0131r tan\u0131mayan ki\u015filer i\u00e7in terzi hassasl\u0131\u011f\u0131nda<\/p>\n","protected":false},"featured_media":11117,"comment_status":"open","ping_status":"closed","template":"","meta":{"_joinchat":[]},"product_brand":[127],"product_cat":[71],"product_tag":[],"class_list":{"0":"post-11116","1":"product","2":"type-product","3":"status-publish","4":"has-post-thumbnail","6":"product_brand-respirox","7":"product_cat-oksijen-konsantratorleri","9":"first","10":"instock","11":"shipping-taxable","12":"product-type-simple"},"jetpack_sharing_enabled":true,"_links":{"self":[{"href":"http:\/\/www.parkmed.com.tr\/yeni\/wp-json\/wp\/v2\/product\/11116","targetHints":{"allow":["GET"]}}],"collection":[{"href":"http:\/\/www.parkmed.com.tr\/yeni\/wp-json\/wp\/v2\/product"}],"about":[{"href":"http:\/\/www.parkmed.com.tr\/yeni\/wp-json\/wp\/v2\/types\/product"}],"replies":[{"embeddable":true,"href":"http:\/\/www.parkmed.com.tr\/yeni\/wp-json\/wp\/v2\/comments?post=11116"}],"version-history":[{"count":1,"href":"http:\/\/www.parkmed.com.tr\/yeni\/wp-json\/wp\/v2\/product\/11116\/revisions"}],"predecessor-version":[{"id":11118,"href":"http:\/\/www.parkmed.com.tr\/yeni\/wp-json\/wp\/v2\/product\/11116\/revisions\/11118"}],"wp:featuredmedia":[{"embeddable":true,"href":"http:\/\/www.parkmed.com.tr\/yeni\/wp-json\/wp\/v2\/media\/11117"}],"wp:attachment":[{"href":"http:\/\/www.parkmed.com.tr\/yeni\/wp-json\/wp\/v2\/media?parent=11116"}],"wp:term":[{"taxonomy":"product_brand","embeddable":true,"href":"http:\/\/www.parkmed.com.tr\/yeni\/wp-json\/wp\/v2\/product_brand?post=11116"},{"taxonomy":"product_cat","embeddable":true,"href":"http:\/\/www.parkmed.com.tr\/yeni\/wp-json\/wp\/v2\/product_cat?post=11116"},{"taxonomy":"product_tag","embeddable":true,"href":"http:\/\/www.parkmed.com.tr\/yeni\/wp-json\/wp\/v2\/product_tag?post=11116"}],"curies":[{"name":"wp","href":"https:\/\/api.w.org\/{rel}","templated":true}]}}