{"id":11285,"date":"2025-07-11T14:38:55","date_gmt":"2025-07-11T14:38:55","guid":{"rendered":"https:\/\/www.parkmed.com.tr\/?post_type=product&#038;p=11285"},"modified":"2025-07-11T14:38:55","modified_gmt":"2025-07-11T14:38:55","slug":"comfort-plus-dm-450-luxury-xxl-akulu-tekerlekli-sandalye","status":"publish","type":"product","link":"http:\/\/www.parkmed.com.tr\/yeni\/urun\/comfort-plus-dm-450-luxury-xxl-akulu-tekerlekli-sandalye\/","title":{"rendered":"Comfort Plus DM-450 Luxury XXL Ak\u00fcl\u00fc Tekerlekli Sandalye"},"content":{"rendered":"<p>OTURMA GEN\u0130\u015eL\u0130\u011e\u0130 56 CM<br \/>\nTA\u015eIMA KAPAS\u0130TES\u0130 160 KG<br \/>\n\u2022 Amortis\u00f6r sistemi ile konforlu ve g\u00fcvenli bir s\u00fcr\u00fc\u015f sa\u011flar<br \/>\n\u2022 \u0130\u00e7 ve d\u0131\u015f mek\u00e2nlarda kullan\u0131m\u0131 i\u00e7in uygundur<br \/>\n\u2022 Kol koyma yerleri \u00e7\u0131kar\u0131l\u0131r ve hasta transferi kolay yap\u0131l\u0131r<br \/>\n\u2022 Ayak koyma yerleri ayarlanabilir \u00f6zellikte olup ihtiya\u00e7 durumunda \u00e7\u0131kar\u0131labilir<br \/>\n\u2022 S\u00fcr\u00fc\u015f s\u0131ras\u0131nda ayaklar\u0131n geriye d\u00fc\u015fmesini engelleyen topukluk band\u0131 vard\u0131r<br \/>\n\u2022 Ergonomik kol\u00e7aklar\u0131 ile refakat\u00e7i kullan\u0131m\u0131na uygundur<br \/>\n\u2022 Yoku\u015f yukar\u0131 s\u00fcr\u00fc\u015fte geriye d\u00fc\u015fme riskini ortadan kald\u0131ran antitipper tekerler bulunur<br \/>\n\u2022 Emniyet kemeri kullan\u0131c\u0131 \u00f6l\u00e7\u00fclerine g\u00f6re ayarlanabilir<br \/>\n\u2022 Ak\u00fc kutusu \u00e7\u0131kar\u0131labilir \u00f6zelliktedir<br \/>\n\u2022 S\u0131rt dayanma yeri \u00f6ne do\u011fru katlanarak ebatlar k\u00fc\u00e7\u00fcl\u00fcr ve depolama kolay olur<br \/>\n\u2022 Joystick kullan\u0131c\u0131 kol uzunlu\u011funa g\u00f6re ayarlanabilir \u00f6zelliktedir<br \/>\n\u2022 Joystick \u0131\u015f\u0131kl\u0131 panele sahiptir<br \/>\n\u2022 Otomatik fren sistemine sahiptir ve Joystick b\u0131rak\u0131ld\u0131\u011f\u0131nda otomatik fren sistemi devreye girerek cihaz durur<br \/>\n\u2022 Karanl\u0131k ve az \u0131\u015f\u0131kl\u0131 ortamlarda rahat ve g\u00fcvenli kullan\u0131m i\u00e7in \u00f6n ve arka far sistemi bulunmaktad\u0131r<br \/>\n\u2022 Sa\u011fa-sola d\u00f6rtl\u00fc sinyal sistemi ile ekstra g\u00fcvenli bir \u00fcr\u00fcnd\u00fcr<br \/>\n\u2022 S\u0131rt k\u0131sm\u0131 kademeli olarak geriye yat\u0131r\u0131labilir<br \/>\n\u2022 Oturma minderi ve s\u0131rt \u015filtesi olarak s\u0131n\u0131f\u0131n\u0131n en konforlu \u00fcr\u00fcnlerindendir.<br \/>\n\u2022 Yan kol\u00e7aklar\u0131 geni\u015fleyebilir<br \/>\n\u2022 2 Adet 450W Motor<br \/>\n\u2022 2 Adet 40ah Ak\u00fc<br \/>\n\u2022 Saatte 9 KM H\u0131z<br \/>\n\u2022 Arka Tekerlekler 14\u2019\u2019 (haval\u0131)<br \/>\n\u2022 \u00d6n Tekerlekler 10\u2019\u2019 (haval\u0131)<br \/>\n\u2022 \u015earj S\u00fcresi 6-8 Saat<br \/>\n\u2022 85 kg A\u011f\u0131rl\u0131\u011f\u0131nda<br \/>\n\u2022 Oturma Geni\u015fli\u011fi: 56 cm<br \/>\n\u2022 Oturma Derinli\u011fi: 50 cm<br \/>\n\u2022 S\u0131rt Y\u00fcksekli\u011fi: 58 cm<br \/>\n\u2022 Oturma Y\u00fcksekli\u011fi: 52 cm<br \/>\n\u2022 Toplam Y\u00fcksekli\u011fi: 108 cm<br \/>\n\u2022 Toplam Uzunlu\u011fu: 103 cm<br \/>\n\u2022 Kol\u00e7ak Y\u00fcksekli\u011fi: 21 cm<br \/>\n\u2022 D\u0131\u015ftan D\u0131\u015fa Geni\u015fli\u011fi: 74 cm<\/p>\n","protected":false},"excerpt":{"rendered":"<p>OTURMA GEN\u0130\u015eL\u0130\u011e\u0130 56 CM TA\u015eIMA KAPAS\u0130TES\u0130 160 KG \u2022 Amortis\u00f6r sistemi ile konforlu ve g\u00fcvenli bir s\u00fcr\u00fc\u015f sa\u011flar \u2022 \u0130\u00e7<\/p>\n","protected":false},"featured_media":11287,"comment_status":"open","ping_status":"closed","template":"","meta":{"_joinchat":[]},"product_brand":[],"product_cat":[69,91],"product_tag":[],"class_list":{"0":"post-11285","1":"product","2":"type-product","3":"status-publish","4":"has-post-thumbnail","6":"product_cat-comfort-grubu","7":"product_cat-tekerlekli-sandalye","9":"first","10":"instock","11":"shipping-taxable","12":"product-type-simple"},"jetpack_sharing_enabled":true,"_links":{"self":[{"href":"http:\/\/www.parkmed.com.tr\/yeni\/wp-json\/wp\/v2\/product\/11285","targetHints":{"allow":["GET"]}}],"collection":[{"href":"http:\/\/www.parkmed.com.tr\/yeni\/wp-json\/wp\/v2\/product"}],"about":[{"href":"http:\/\/www.parkmed.com.tr\/yeni\/wp-json\/wp\/v2\/types\/product"}],"replies":[{"embeddable":true,"href":"http:\/\/www.parkmed.com.tr\/yeni\/wp-json\/wp\/v2\/comments?post=11285"}],"version-history":[{"count":1,"href":"http:\/\/www.parkmed.com.tr\/yeni\/wp-json\/wp\/v2\/product\/11285\/revisions"}],"predecessor-version":[{"id":11288,"href":"http:\/\/www.parkmed.com.tr\/yeni\/wp-json\/wp\/v2\/product\/11285\/revisions\/11288"}],"wp:featuredmedia":[{"embeddable":true,"href":"http:\/\/www.parkmed.com.tr\/yeni\/wp-json\/wp\/v2\/media\/11287"}],"wp:attachment":[{"href":"http:\/\/www.parkmed.com.tr\/yeni\/wp-json\/wp\/v2\/media?parent=11285"}],"wp:term":[{"taxonomy":"product_brand","embeddable":true,"href":"http:\/\/www.parkmed.com.tr\/yeni\/wp-json\/wp\/v2\/product_brand?post=11285"},{"taxonomy":"product_cat","embeddable":true,"href":"http:\/\/www.parkmed.com.tr\/yeni\/wp-json\/wp\/v2\/product_cat?post=11285"},{"taxonomy":"product_tag","embeddable":true,"href":"http:\/\/www.parkmed.com.tr\/yeni\/wp-json\/wp\/v2\/product_tag?post=11285"}],"curies":[{"name":"wp","href":"https:\/\/api.w.org\/{rel}","templated":true}]}}