{"id":11292,"date":"2025-07-11T14:40:45","date_gmt":"2025-07-11T14:40:45","guid":{"rendered":"https:\/\/www.parkmed.com.tr\/?post_type=product&#038;p=11292"},"modified":"2025-07-11T14:40:45","modified_gmt":"2025-07-11T14:40:45","slug":"ottobock-b400-akulu-sandalye","status":"publish","type":"product","link":"http:\/\/www.parkmed.com.tr\/yeni\/urun\/ottobock-b400-akulu-sandalye\/","title":{"rendered":"Ottobock B400 Ak\u00fcl\u00fc Sandalye"},"content":{"rendered":"<p>OTTOBOCK B400 AK\u00dcL\u00dc TEKERLEKL\u0130 SANDALYE<\/p>\n<p>Alman kalitesini sonuna kadar hissettiren OTTOBOCK B400 Ne yapmak isterseniz, B400 ideal bir yard\u0131mc\u0131d\u0131r. Kompakt ve stabil tasar\u0131m\u0131 sayesinde g\u00fcnl\u00fck i\u015flerinizin \u00fcstesinden rahatl\u0131kla gelirsiniz, ister evde ister al\u0131\u015fveri\u015f merkezlerinde isterseniz de herhangi bir lokantada. \u00d6zel kasa tasar\u0131m\u0131 B400 \u00fc di\u011fer sandalyelerden ay\u0131r\u0131r.<\/p>\n<p>D\u0131\u015ftan d\u0131\u015fa sadece 58 cm geni\u015flikle kompakt tasar\u0131m\u0131 sayesinde dar mekanlarda kolayca manevra yapabilirsiniz, ve 43 cm y\u00fcksekli\u011fi sayesinde de yemek veya \u00e7al\u0131\u015fma masan\u0131z\u0131n alt\u0131na rahat\u00e7a s\u0131\u011far.<br \/>\nOturma k\u0131sm\u0131n\u0131n 45\u00b0 a\u00e7\u0131yla yatmas\u0131 yorucu bir g\u00fcn\u00fcn sonunda rahatlaman\u0131z\u0131 sa\u011flar.<\/p>\n<p>B400, hastalar\u0131n\u0131za y\u00fcksek hareketlilik sunar. K\u00fc\u00e7\u00fck boyutlar\u0131 ve h\u0131zl\u0131 ve rahat ayarlanmas\u0131 bu tekerlekli sandalyeyi konforlu ve kullan\u0131\u015fl\u0131 bir ta\u015f\u0131t haline getirir. Kaynak b\u00fckme metodu sayesinde B400 iskeleti ve s\u00fcr\u00fc\u015f birim deste\u011fi tek plaka \u00e7elikten \u00fcretilmi\u015ftir. Bu teknik, par\u00e7alarda a\u015f\u0131nmalar\u0131 azalt\u0131r ayr\u0131ca stok maliyetlerinden tasarruf sa\u011flar.<\/p>\n<p>I\u00e7erde ya da d\u0131sarda, B400 ile her zaman dogru yoldas\u0131n\u0131z. Kompakt ve dayan\u0131kl\u0131 yap\u0131m metodu sayesinde g\u00fcncel istekler i\u00e7in her\u015fey\u0131 bilendir, ister ev ortam\u0131nda ister al\u0131\u015fveri\u015fte, Restoranda. \u00d6zel kasas\u0131 onu di\u011fer elektrikli sandalye ailesinden ay\u0131r\u0131r. Sadece 58 cm kompakt d\u0131s boyutu ile en dar koridorlara ula\u015fmas\u0131 \u00e7ok kolayd\u0131r. 43 cm al\u00e7ak oturma y\u00fcksekligi yemek masas\u0131ndan ve \u00e7al\u0131\u015fma yerinden yoku\u015f a\u015fag\u0131 s\u00fcr\u00fcse problemsiz olanak saglar.<\/p>\n<p><strong>Se\u00e7enekler<\/strong><\/p>\n<p>Mekanik yukar\u0131 kalkar ayak paneli<\/p>\n<p>Engel asma aparat\u0131<\/p>\n<p>Kal\u00e7a kemeri<\/p>\n<p>I\u015f\u0131kland\u0131rma<\/p>\n<p>Mekanik tilt pozisyonu<\/p>\n<p>S\u0131rtl\u0131k a\u00e7\u0131 ayar\u0131<\/p>\n<p>\u00d6n teker sabitleme mekanizmas\u0131<\/p>\n<p>Jel-Bataryalar<\/p>\n<p><strong>\u00d6l\u00e7\u00fcler<\/strong><\/p>\n<p>Koltuk ebad\u0131 k\u00fc\u00e7\u00fck:<\/p>\n<p>Oturma Eni: 38 \u00a042 cm<\/p>\n<p>Oturma Derinli\u011fi: 38 \u00a046 cm<\/p>\n<p>Koltuk Ebad\u0131 b\u00fcy\u00fck:<\/p>\n<p>Oturma Eni: 43 \u00a048 cm<\/p>\n<p>Oturma Derinli\u011fi:\u00a042 \u00a050 cm<\/p>\n","protected":false},"excerpt":{"rendered":"<p>OTTOBOCK B400 AK\u00dcL\u00dc TEKERLEKL\u0130 SANDALYE Alman kalitesini sonuna kadar hissettiren OTTOBOCK B400 Ne yapmak isterseniz, B400 ideal bir yard\u0131mc\u0131d\u0131r. Kompakt<\/p>\n","protected":false},"featured_media":11293,"comment_status":"open","ping_status":"closed","template":"","meta":{"_joinchat":[]},"product_brand":[],"product_cat":[91],"product_tag":[],"class_list":{"0":"post-11292","1":"product","2":"type-product","3":"status-publish","4":"has-post-thumbnail","6":"product_cat-tekerlekli-sandalye","8":"first","9":"instock","10":"shipping-taxable","11":"product-type-simple"},"jetpack_sharing_enabled":true,"_links":{"self":[{"href":"http:\/\/www.parkmed.com.tr\/yeni\/wp-json\/wp\/v2\/product\/11292","targetHints":{"allow":["GET"]}}],"collection":[{"href":"http:\/\/www.parkmed.com.tr\/yeni\/wp-json\/wp\/v2\/product"}],"about":[{"href":"http:\/\/www.parkmed.com.tr\/yeni\/wp-json\/wp\/v2\/types\/product"}],"replies":[{"embeddable":true,"href":"http:\/\/www.parkmed.com.tr\/yeni\/wp-json\/wp\/v2\/comments?post=11292"}],"version-history":[{"count":1,"href":"http:\/\/www.parkmed.com.tr\/yeni\/wp-json\/wp\/v2\/product\/11292\/revisions"}],"predecessor-version":[{"id":11294,"href":"http:\/\/www.parkmed.com.tr\/yeni\/wp-json\/wp\/v2\/product\/11292\/revisions\/11294"}],"wp:featuredmedia":[{"embeddable":true,"href":"http:\/\/www.parkmed.com.tr\/yeni\/wp-json\/wp\/v2\/media\/11293"}],"wp:attachment":[{"href":"http:\/\/www.parkmed.com.tr\/yeni\/wp-json\/wp\/v2\/media?parent=11292"}],"wp:term":[{"taxonomy":"product_brand","embeddable":true,"href":"http:\/\/www.parkmed.com.tr\/yeni\/wp-json\/wp\/v2\/product_brand?post=11292"},{"taxonomy":"product_cat","embeddable":true,"href":"http:\/\/www.parkmed.com.tr\/yeni\/wp-json\/wp\/v2\/product_cat?post=11292"},{"taxonomy":"product_tag","embeddable":true,"href":"http:\/\/www.parkmed.com.tr\/yeni\/wp-json\/wp\/v2\/product_tag?post=11292"}],"curies":[{"name":"wp","href":"https:\/\/api.w.org\/{rel}","templated":true}]}}