{"id":11295,"date":"2025-07-11T14:41:33","date_gmt":"2025-07-11T14:41:33","guid":{"rendered":"https:\/\/www.parkmed.com.tr\/?post_type=product&#038;p=11295"},"modified":"2025-07-11T14:41:33","modified_gmt":"2025-07-11T14:41:33","slug":"ottobock-a200-akulu-sandalye","status":"publish","type":"product","link":"http:\/\/www.parkmed.com.tr\/yeni\/urun\/ottobock-a200-akulu-sandalye\/","title":{"rendered":"Ottobock A200 Ak\u00fcl\u00fc Sandalye"},"content":{"rendered":"<h2>Otto Bock A200<\/h2>\n<p>Otto Bock\u2019un en fazla tercih edilen ak\u00fcl\u00fc sandalyelerin ba\u015f\u0131nda Ottobock A200 modeli gelmektedir.<\/p>\n<p>Ottobock A200\u2019\u00fc kullan\u0131c\u0131lar\u0131n bu kadar fazla tercih etmelerinin ba\u015f\u0131nda A200 \u00fcn Otto Bock marka ak\u00fcl\u00fc sandalyeleri i\u00e7erisinde fiyat a\u00e7\u0131s\u0131ndan en uygun fiyata sahip olan bir modeli olmas\u0131n\u0131n yan\u0131s\u0131ra A200 \u00fcn tam bir kullan\u0131c\u0131 dostu olmas\u0131 nedeni yatar.<\/p>\n<h3>NEDEN OTTOBOCK A200 AK\u00dcL\u00dc SANDALYE ALMALIYIM?<\/h3>\n<p>Daha tasar\u0131m a\u015famas\u0131ndayken A200 geli\u015ftiricileri A200\u2019\u00fc dar alanlarda rahat kullanabilirlik sa\u011flamas\u0131 a\u00e7\u0131s\u0131ndan tasar\u0131m\u0131n\u0131 \u00f6zel olarak geli\u015ftirmi\u015flerdir. A200 Ak\u00fcl\u00fc sandalye kolay bir \u015fekilde d\u00f6rt (4) par\u00e7aya ay\u0131rabilir.<\/p>\n<p>Yukardaki resimde de net bir \u015fekilde g\u00f6rece\u011finiz gibi Ottobock A200 Ak\u00fcl\u00fc sandalye g\u00f6vde, arka tekerler, ak\u00fcler ve ayakl\u0131klar olmak \u00fczere toplamda d\u00f6rt par\u00e7aya ayr\u0131labiliyor \/ b\u00f6l\u00fcn\u00fcyor. Bu sayede normal \u015fartlarda bir ak\u00fcl\u00fc sandalyenin otomobilin bagaj\u0131na s\u0131\u011fmas\u0131 imkans\u0131z iken Ottobock A200 bu b\u00f6l\u00fcmlere ayr\u0131labilme \u00f6zelli\u011fi sayesinde t\u00fcm otomobillerin bagaj\u0131na rahatl\u0131kla s\u0131\u011fabilmektedir.<\/p>\n<p>T\u00fcm bunlar\u0131n yan\u0131s\u0131ra A200\u2019\u00fcn arka koltu\u011fu kullan\u0131c\u0131n\u0131n iste\u011fi do\u011frultusunda a\u00e7\u0131 ayar\u0131 sa\u011flamaya imkan sa\u011flar. \u00c7o\u011fu ak\u00fcl\u00fc sandalyede olmayan bu \u00f6zellik A200 \u00fc kullan\u0131c\u0131 dostu yapan ba\u015fka bir art\u0131s\u0131.<\/p>\n<p>Toplam geni\u015fli\u011fi 60 santimden daha k\u00fc\u00e7\u00fck olan A200 dar asans\u00f6rlere rahatl\u0131kla s\u0131\u011farken hemen hemen t\u00fcm kap\u0131lardan s\u0131\u011facak \u00f6l\u00e7\u00fclere sahiptir.<\/p>\n","protected":false},"excerpt":{"rendered":"<p>Otto Bock A200 Otto Bock\u2019un en fazla tercih edilen ak\u00fcl\u00fc sandalyelerin ba\u015f\u0131nda Ottobock A200 modeli gelmektedir. Ottobock A200\u2019\u00fc kullan\u0131c\u0131lar\u0131n bu<\/p>\n","protected":false},"featured_media":11296,"comment_status":"open","ping_status":"closed","template":"","meta":{"_joinchat":[]},"product_brand":[],"product_cat":[91],"product_tag":[],"class_list":{"0":"post-11295","1":"product","2":"type-product","3":"status-publish","4":"has-post-thumbnail","6":"product_cat-tekerlekli-sandalye","8":"first","9":"instock","10":"shipping-taxable","11":"product-type-simple"},"jetpack_sharing_enabled":true,"_links":{"self":[{"href":"http:\/\/www.parkmed.com.tr\/yeni\/wp-json\/wp\/v2\/product\/11295","targetHints":{"allow":["GET"]}}],"collection":[{"href":"http:\/\/www.parkmed.com.tr\/yeni\/wp-json\/wp\/v2\/product"}],"about":[{"href":"http:\/\/www.parkmed.com.tr\/yeni\/wp-json\/wp\/v2\/types\/product"}],"replies":[{"embeddable":true,"href":"http:\/\/www.parkmed.com.tr\/yeni\/wp-json\/wp\/v2\/comments?post=11295"}],"version-history":[{"count":1,"href":"http:\/\/www.parkmed.com.tr\/yeni\/wp-json\/wp\/v2\/product\/11295\/revisions"}],"predecessor-version":[{"id":11297,"href":"http:\/\/www.parkmed.com.tr\/yeni\/wp-json\/wp\/v2\/product\/11295\/revisions\/11297"}],"wp:featuredmedia":[{"embeddable":true,"href":"http:\/\/www.parkmed.com.tr\/yeni\/wp-json\/wp\/v2\/media\/11296"}],"wp:attachment":[{"href":"http:\/\/www.parkmed.com.tr\/yeni\/wp-json\/wp\/v2\/media?parent=11295"}],"wp:term":[{"taxonomy":"product_brand","embeddable":true,"href":"http:\/\/www.parkmed.com.tr\/yeni\/wp-json\/wp\/v2\/product_brand?post=11295"},{"taxonomy":"product_cat","embeddable":true,"href":"http:\/\/www.parkmed.com.tr\/yeni\/wp-json\/wp\/v2\/product_cat?post=11295"},{"taxonomy":"product_tag","embeddable":true,"href":"http:\/\/www.parkmed.com.tr\/yeni\/wp-json\/wp\/v2\/product_tag?post=11295"}],"curies":[{"name":"wp","href":"https:\/\/api.w.org\/{rel}","templated":true}]}}